{"id":331,"date":"2021-03-29T12:24:04","date_gmt":"2021-03-29T15:24:04","guid":{"rendered":"https:\/\/www.guiafacilbrasil.com.br\/blog\/?page_id=331"},"modified":"2021-04-22T15:11:12","modified_gmt":"2021-04-22T18:11:12","slug":"noticias","status":"publish","type":"page","link":"https:\/\/www.guiafacilbrasil.com.br\/blog\/noticias\/","title":{"rendered":"Noticias"},"content":{"rendered":"\t\t<div data-elementor-type=\"wp-page\" data-elementor-id=\"331\" class=\"elementor elementor-331\" data-elementor-settings=\"[]\">\n\t\t\t\t\t\t<div class=\"elementor-inner\">\n\t\t\t\t\t\t\t<div class=\"elementor-section-wrap\">\n\t\t\t\t\t\t\t<section class=\"elementor-section elementor-top-section elementor-element elementor-element-60159b8 elementor-section-boxed elementor-section-height-default elementor-section-height-default\" data-id=\"60159b8\" data-element_type=\"section\">\n\t\t\t\t\t\t<div class=\"elementor-container elementor-column-gap-default\">\n\t\t\t\t\t\t\t<div class=\"elementor-row\">\n\t\t\t\t\t<div class=\"elementor-column elementor-col-100 elementor-top-column elementor-element elementor-element-d7d0153\" data-id=\"d7d0153\" data-element_type=\"column\">\n\t\t\t<div class=\"elementor-column-wrap elementor-element-populated\">\n\t\t\t\t\t\t\t<div class=\"elementor-widget-wrap\">\n\t\t\t\t\t\t<div class=\"elementor-element elementor-element-2318714 elementor-widget elementor-widget-heading\" data-id=\"2318714\" data-element_type=\"widget\" data-widget_type=\"heading.default\">\n\t\t\t\t<div class=\"elementor-widget-container\">\n\t\t\t<h2 class=\"elementor-heading-title elementor-size-default\">\u00daltimas Not\u00edcias<\/h2>\t\t<\/div>\n\t\t\t\t<\/div>\n\t\t\t\t<div class=\"elementor-element elementor-element-3753c7f elementor-grid-3 elementor-grid-tablet-2 elementor-grid-mobile-1 elementor-posts--thumbnail-top elementor-card-shadow-yes elementor-posts__hover-gradient elementor-widget elementor-widget-posts\" data-id=\"3753c7f\" data-element_type=\"widget\" data-settings=\"{&quot;cards_columns&quot;:&quot;3&quot;,&quot;cards_columns_tablet&quot;:&quot;2&quot;,&quot;cards_columns_mobile&quot;:&quot;1&quot;,&quot;cards_row_gap&quot;:{&quot;unit&quot;:&quot;px&quot;,&quot;size&quot;:35,&quot;sizes&quot;:[]}}\" data-widget_type=\"posts.cards\">\n\t\t\t\t<div class=\"elementor-widget-container\">\n\t\t\t\t\t<div class=\"elementor-posts-container elementor-posts elementor-posts--skin-cards elementor-grid\">\n\t\t\t\t<article class=\"elementor-post elementor-grid-item post-26403 post type-post status-publish format-standard has-post-thumbnail hentry category-noticias\">\n\t\t\t<div class=\"elementor-post__card\">\n\t\t\t\t<a class=\"elementor-post__thumbnail__link\" href=\"https:\/\/www.guiafacilbrasil.com.br\/blog\/as-entranhas-da-fraude-no-inss-no-governo-lula-reveladas-em-delacao-de-empresario\/\" target=\"_blank\">\n\t\t\t<div class=\"elementor-post__thumbnail\"><img width=\"300\" height=\"150\" src=\"https:\/\/www.guiafacilbrasil.com.br\/blog\/wp-content\/uploads\/2026\/04\/As-\u2018entranhas-da-fraude-no-INSS-no-governo-Lula-reveladas-em-delacao-de-empresario-300x150.png\" class=\"attachment-medium size-medium\" alt=\"\" loading=\"lazy\" srcset=\"https:\/\/www.guiafacilbrasil.com.br\/blog\/wp-content\/uploads\/2026\/04\/As-\u2018entranhas-da-fraude-no-INSS-no-governo-Lula-reveladas-em-delacao-de-empresario-300x150.png 300w, https:\/\/www.guiafacilbrasil.com.br\/blog\/wp-content\/uploads\/2026\/04\/As-\u2018entranhas-da-fraude-no-INSS-no-governo-Lula-reveladas-em-delacao-de-empresario.png 596w\" sizes=\"(max-width: 300px) 100vw, 300px\" \/><\/div>\n\t\t<\/a>\n\t\t\t\t<div class=\"elementor-post__badge\">Not\u00edcias<\/div>\n\t\t\t\t<div class=\"elementor-post__text\">\n\t\t\t\t<h3 class=\"elementor-post__title\">\n\t\t\t<a href=\"https:\/\/www.guiafacilbrasil.com.br\/blog\/as-entranhas-da-fraude-no-inss-no-governo-lula-reveladas-em-delacao-de-empresario\/\" target=\"_blank\">\n\t\t\t\tAs \u2018entranhas\u2019 da fraude no INSS no governo Lula reveladas em dela\u00e7\u00e3o de empres\u00e1rio\t\t\t<\/a>\n\t\t<\/h3>\n\t\t\t\t<div class=\"elementor-post__excerpt\">\n\t\t\t<p>Junior Melo A dela\u00e7\u00e3o do empres\u00e1rio Maur\u00edcio Camisotti chegou ao STF e ampliou as apura\u00e7\u00f5es<\/p>\n\t\t<\/div>\n\t\t\t\t<\/div>\n\t\t\t\t<div class=\"elementor-post__meta-data\">\n\t\t\t\t\t<span class=\"elementor-post-date\">\n\t\t\t10 de abril de 2026\t\t<\/span>\n\t\t\t\t<span class=\"elementor-post-avatar\">\n\t\t\tNenhum coment\u00e1rio\t\t<\/span>\n\t\t\t\t<\/div>\n\t\t\t\t\t<\/div>\n\t\t<\/article>\n\t\t\t\t<article class=\"elementor-post elementor-grid-item post-26400 post type-post status-publish format-standard has-post-thumbnail hentry category-stf\">\n\t\t\t<div class=\"elementor-post__card\">\n\t\t\t\t<a class=\"elementor-post__thumbnail__link\" href=\"https:\/\/www.guiafacilbrasil.com.br\/blog\/fux-reconhece-injustica-e-vota-para-reverter-a-condenacao-de-reus-do-8-de-janeiro\/\" target=\"_blank\">\n\t\t\t<div class=\"elementor-post__thumbnail\"><img width=\"300\" height=\"152\" src=\"https:\/\/www.guiafacilbrasil.com.br\/blog\/wp-content\/uploads\/2026\/04\/Fux-reconhece-\u2018injustica-e-vota-para-reverter-a-condenacao-de-reus-do-8-de-janeiro-300x152.png\" class=\"attachment-medium size-medium\" alt=\"\" loading=\"lazy\" srcset=\"https:\/\/www.guiafacilbrasil.com.br\/blog\/wp-content\/uploads\/2026\/04\/Fux-reconhece-\u2018injustica-e-vota-para-reverter-a-condenacao-de-reus-do-8-de-janeiro-300x152.png 300w, https:\/\/www.guiafacilbrasil.com.br\/blog\/wp-content\/uploads\/2026\/04\/Fux-reconhece-\u2018injustica-e-vota-para-reverter-a-condenacao-de-reus-do-8-de-janeiro.png 580w\" sizes=\"(max-width: 300px) 100vw, 300px\" \/><\/div>\n\t\t<\/a>\n\t\t\t\t<div class=\"elementor-post__badge\">STF<\/div>\n\t\t\t\t<div class=\"elementor-post__text\">\n\t\t\t\t<h3 class=\"elementor-post__title\">\n\t\t\t<a href=\"https:\/\/www.guiafacilbrasil.com.br\/blog\/fux-reconhece-injustica-e-vota-para-reverter-a-condenacao-de-reus-do-8-de-janeiro\/\" target=\"_blank\">\n\t\t\t\tFux reconhece \u2018injusti\u00e7a\u2019 e vota para reverter a condena\u00e7\u00e3o de r\u00e9us do 8 de janeiro\t\t\t<\/a>\n\t\t<\/h3>\n\t\t\t\t<div class=\"elementor-post__excerpt\">\n\t\t\t<p>Junior Melo O ministro do STF Luiz Fux mudou seu entendimento sobre r\u00e9us dos atos<\/p>\n\t\t<\/div>\n\t\t\t\t<\/div>\n\t\t\t\t<div class=\"elementor-post__meta-data\">\n\t\t\t\t\t<span class=\"elementor-post-date\">\n\t\t\t10 de abril de 2026\t\t<\/span>\n\t\t\t\t<span class=\"elementor-post-avatar\">\n\t\t\tNenhum coment\u00e1rio\t\t<\/span>\n\t\t\t\t<\/div>\n\t\t\t\t\t<\/div>\n\t\t<\/article>\n\t\t\t\t<article class=\"elementor-post elementor-grid-item post-26397 post type-post status-publish format-standard has-post-thumbnail hentry category-noticias\">\n\t\t\t<div class=\"elementor-post__card\">\n\t\t\t\t<a class=\"elementor-post__thumbnail__link\" href=\"https:\/\/www.guiafacilbrasil.com.br\/blog\/brb-recebe-oferta-de-r-15-bilhoes-para-vender-ativos-do-master\/\" target=\"_blank\">\n\t\t\t<div class=\"elementor-post__thumbnail\"><img width=\"300\" height=\"203\" src=\"https:\/\/www.guiafacilbrasil.com.br\/blog\/wp-content\/uploads\/2026\/04\/BRB-recebe-oferta-de-R-15-bilhoes-para-vender-ativos-do-Master-300x203.png\" class=\"attachment-medium size-medium\" alt=\"\" loading=\"lazy\" srcset=\"https:\/\/www.guiafacilbrasil.com.br\/blog\/wp-content\/uploads\/2026\/04\/BRB-recebe-oferta-de-R-15-bilhoes-para-vender-ativos-do-Master-300x203.png 300w, https:\/\/www.guiafacilbrasil.com.br\/blog\/wp-content\/uploads\/2026\/04\/BRB-recebe-oferta-de-R-15-bilhoes-para-vender-ativos-do-Master.png 502w\" sizes=\"(max-width: 300px) 100vw, 300px\" \/><\/div>\n\t\t<\/a>\n\t\t\t\t<div class=\"elementor-post__badge\">Not\u00edcias<\/div>\n\t\t\t\t<div class=\"elementor-post__text\">\n\t\t\t\t<h3 class=\"elementor-post__title\">\n\t\t\t<a href=\"https:\/\/www.guiafacilbrasil.com.br\/blog\/brb-recebe-oferta-de-r-15-bilhoes-para-vender-ativos-do-master\/\" target=\"_blank\">\n\t\t\t\tBRB recebe oferta de R$ 15 bilh\u00f5es para vender ativos do Master\t\t\t<\/a>\n\t\t<\/h3>\n\t\t\t\t<div class=\"elementor-post__excerpt\">\n\t\t\t<p>Isadora Teixeira Segundo a governadora do DF, Celina Le\u00e3o, a proposta ser\u00e1 encaminhada ao Banco<\/p>\n\t\t<\/div>\n\t\t\t\t<\/div>\n\t\t\t\t<div class=\"elementor-post__meta-data\">\n\t\t\t\t\t<span class=\"elementor-post-date\">\n\t\t\t10 de abril de 2026\t\t<\/span>\n\t\t\t\t<span class=\"elementor-post-avatar\">\n\t\t\tNenhum coment\u00e1rio\t\t<\/span>\n\t\t\t\t<\/div>\n\t\t\t\t\t<\/div>\n\t\t<\/article>\n\t\t\t\t<article class=\"elementor-post elementor-grid-item post-26394 post type-post status-publish format-standard has-post-thumbnail hentry category-politica\">\n\t\t\t<div class=\"elementor-post__card\">\n\t\t\t\t<a class=\"elementor-post__thumbnail__link\" href=\"https:\/\/www.guiafacilbrasil.com.br\/blog\/nomeacao-de-irmao-de-ciro-gomes-no-bndes-com-salario-de-525-mil-reais-provoca-reacao-na-ala-do-pt\/\" target=\"_blank\">\n\t\t\t<div class=\"elementor-post__thumbnail\"><img width=\"300\" height=\"150\" src=\"https:\/\/www.guiafacilbrasil.com.br\/blog\/wp-content\/uploads\/2026\/04\/Nomeacao-de-irmao-de-Ciro-Gomes-no-BNDES-com-salario-de-525-mil-reais-provoca-reacao-na-ala-do-PT-300x150.png\" class=\"attachment-medium size-medium\" alt=\"\" loading=\"lazy\" srcset=\"https:\/\/www.guiafacilbrasil.com.br\/blog\/wp-content\/uploads\/2026\/04\/Nomeacao-de-irmao-de-Ciro-Gomes-no-BNDES-com-salario-de-525-mil-reais-provoca-reacao-na-ala-do-PT-300x150.png 300w, https:\/\/www.guiafacilbrasil.com.br\/blog\/wp-content\/uploads\/2026\/04\/Nomeacao-de-irmao-de-Ciro-Gomes-no-BNDES-com-salario-de-525-mil-reais-provoca-reacao-na-ala-do-PT.png 596w\" sizes=\"(max-width: 300px) 100vw, 300px\" \/><\/div>\n\t\t<\/a>\n\t\t\t\t<div class=\"elementor-post__badge\">Pol\u00edtica<\/div>\n\t\t\t\t<div class=\"elementor-post__text\">\n\t\t\t\t<h3 class=\"elementor-post__title\">\n\t\t\t<a href=\"https:\/\/www.guiafacilbrasil.com.br\/blog\/nomeacao-de-irmao-de-ciro-gomes-no-bndes-com-salario-de-525-mil-reais-provoca-reacao-na-ala-do-pt\/\" target=\"_blank\">\n\t\t\t\tNomea\u00e7\u00e3o de irm\u00e3o de Ciro Gomes no BNDES com sal\u00e1rio de 52,5 mil reais provoca rea\u00e7\u00e3o na ala do PT\t\t\t<\/a>\n\t\t<\/h3>\n\t\t\t\t<div class=\"elementor-post__excerpt\">\n\t\t\t<p>Junior Melo A nomea\u00e7\u00e3o de Ivo Gomes, ex-prefeito de Sobral e irm\u00e3o de Ciro Gomes,<\/p>\n\t\t<\/div>\n\t\t\t\t<\/div>\n\t\t\t\t<div class=\"elementor-post__meta-data\">\n\t\t\t\t\t<span class=\"elementor-post-date\">\n\t\t\t8 de abril de 2026\t\t<\/span>\n\t\t\t\t<span class=\"elementor-post-avatar\">\n\t\t\tNenhum coment\u00e1rio\t\t<\/span>\n\t\t\t\t<\/div>\n\t\t\t\t\t<\/div>\n\t\t<\/article>\n\t\t\t\t<article class=\"elementor-post elementor-grid-item post-26390 post type-post status-publish format-standard has-post-thumbnail hentry category-stf\">\n\t\t\t<div class=\"elementor-post__card\">\n\t\t\t\t<a class=\"elementor-post__thumbnail__link\" href=\"https:\/\/www.guiafacilbrasil.com.br\/blog\/dados-da-receita-revelam-pagamento-de-r-80-milhoes-do-banco-master-a-escritorio-da-esposa-de-moraes\/\" target=\"_blank\">\n\t\t\t<div class=\"elementor-post__thumbnail\"><img width=\"300\" height=\"153\" src=\"https:\/\/www.guiafacilbrasil.com.br\/blog\/wp-content\/uploads\/2026\/04\/Dados-da-Receita-revelam-pagamento-de-R-80-milhoes-do-Banco-Master-a-escritorio-da-esposa-de-Moraes-300x153.png\" class=\"attachment-medium size-medium\" alt=\"\" loading=\"lazy\" srcset=\"https:\/\/www.guiafacilbrasil.com.br\/blog\/wp-content\/uploads\/2026\/04\/Dados-da-Receita-revelam-pagamento-de-R-80-milhoes-do-Banco-Master-a-escritorio-da-esposa-de-Moraes-300x153.png 300w, https:\/\/www.guiafacilbrasil.com.br\/blog\/wp-content\/uploads\/2026\/04\/Dados-da-Receita-revelam-pagamento-de-R-80-milhoes-do-Banco-Master-a-escritorio-da-esposa-de-Moraes.png 585w\" sizes=\"(max-width: 300px) 100vw, 300px\" \/><\/div>\n\t\t<\/a>\n\t\t\t\t<div class=\"elementor-post__badge\">STF<\/div>\n\t\t\t\t<div class=\"elementor-post__text\">\n\t\t\t\t<h3 class=\"elementor-post__title\">\n\t\t\t<a href=\"https:\/\/www.guiafacilbrasil.com.br\/blog\/dados-da-receita-revelam-pagamento-de-r-80-milhoes-do-banco-master-a-escritorio-da-esposa-de-moraes\/\" target=\"_blank\">\n\t\t\t\tDados da Receita revelam pagamento de R$ 80 milh\u00f5es do Banco Master a escrit\u00f3rio da esposa de Moraes\t\t\t<\/a>\n\t\t<\/h3>\n\t\t\t\t<div class=\"elementor-post__excerpt\">\n\t\t\t<p>Junior Melo O Banco Master e o escrit\u00f3rio da advogada Viviane Barci de Moraes, esposa<\/p>\n\t\t<\/div>\n\t\t\t\t<\/div>\n\t\t\t\t<div class=\"elementor-post__meta-data\">\n\t\t\t\t\t<span class=\"elementor-post-date\">\n\t\t\t8 de abril de 2026\t\t<\/span>\n\t\t\t\t<span class=\"elementor-post-avatar\">\n\t\t\tNenhum coment\u00e1rio\t\t<\/span>\n\t\t\t\t<\/div>\n\t\t\t\t\t<\/div>\n\t\t<\/article>\n\t\t\t\t<article class=\"elementor-post elementor-grid-item post-26387 post type-post status-publish format-standard has-post-thumbnail hentry category-noticias\">\n\t\t\t<div class=\"elementor-post__card\">\n\t\t\t\t<a class=\"elementor-post__thumbnail__link\" href=\"https:\/\/www.guiafacilbrasil.com.br\/blog\/master-declarou-pagamentos-a-temer-acm-neto-rueda-e-lewandowski\/\" target=\"_blank\">\n\t\t\t<div class=\"elementor-post__thumbnail\"><img width=\"300\" height=\"200\" src=\"https:\/\/www.guiafacilbrasil.com.br\/blog\/wp-content\/uploads\/2026\/04\/Master-declarou-pagamentos-a-Temer-ACM-Neto-Rueda-e-Lewandowski-300x200.png\" class=\"attachment-medium size-medium\" alt=\"\" loading=\"lazy\" srcset=\"https:\/\/www.guiafacilbrasil.com.br\/blog\/wp-content\/uploads\/2026\/04\/Master-declarou-pagamentos-a-Temer-ACM-Neto-Rueda-e-Lewandowski-300x200.png 300w, https:\/\/www.guiafacilbrasil.com.br\/blog\/wp-content\/uploads\/2026\/04\/Master-declarou-pagamentos-a-Temer-ACM-Neto-Rueda-e-Lewandowski.png 502w\" sizes=\"(max-width: 300px) 100vw, 300px\" \/><\/div>\n\t\t<\/a>\n\t\t\t\t<div class=\"elementor-post__badge\">Not\u00edcias<\/div>\n\t\t\t\t<div class=\"elementor-post__text\">\n\t\t\t\t<h3 class=\"elementor-post__title\">\n\t\t\t<a href=\"https:\/\/www.guiafacilbrasil.com.br\/blog\/master-declarou-pagamentos-a-temer-acm-neto-rueda-e-lewandowski\/\" target=\"_blank\">\n\t\t\t\tMaster declarou pagamentos a Temer, ACM Neto, Rueda e Lewandowski\t\t\t<\/a>\n\t\t<\/h3>\n\t\t\t\t<div class=\"elementor-post__excerpt\">\n\t\t\t<p>Milena TeixeiraGabriel Buss Relat\u00f3rios da Receita enviados \u00e0 CPI do Crime Organizado mostram pagamentos para<\/p>\n\t\t<\/div>\n\t\t\t\t<\/div>\n\t\t\t\t<div class=\"elementor-post__meta-data\">\n\t\t\t\t\t<span class=\"elementor-post-date\">\n\t\t\t8 de abril de 2026\t\t<\/span>\n\t\t\t\t<span class=\"elementor-post-avatar\">\n\t\t\tNenhum coment\u00e1rio\t\t<\/span>\n\t\t\t\t<\/div>\n\t\t\t\t\t<\/div>\n\t\t<\/article>\n\t\t\t\t<\/div>\n\t\t\t\t<\/div>\n\t\t\t\t<\/div>\n\t\t\t\t\t\t<\/div>\n\t\t\t\t\t<\/div>\n\t\t<\/div>\n\t\t\t\t\t\t\t\t<\/div>\n\t\t\t\t\t<\/div>\n\t\t<\/section>\n\t\t\t\t\t\t<\/div>\n\t\t\t\t\t\t<\/div>\n\t\t\t\t\t<\/div>\n\t\t","protected":false},"excerpt":{"rendered":"<p>\u00daltimas Not\u00edcias<\/p>\n","protected":false},"author":1,"featured_media":0,"parent":0,"menu_order":0,"comment_status":"closed","ping_status":"closed","template":"elementor_canvas","meta":[],"_links":{"self":[{"href":"https:\/\/www.guiafacilbrasil.com.br\/blog\/wp-json\/wp\/v2\/pages\/331"}],"collection":[{"href":"https:\/\/www.guiafacilbrasil.com.br\/blog\/wp-json\/wp\/v2\/pages"}],"about":[{"href":"https:\/\/www.guiafacilbrasil.com.br\/blog\/wp-json\/wp\/v2\/types\/page"}],"author":[{"embeddable":true,"href":"https:\/\/www.guiafacilbrasil.com.br\/blog\/wp-json\/wp\/v2\/users\/1"}],"replies":[{"embeddable":true,"href":"https:\/\/www.guiafacilbrasil.com.br\/blog\/wp-json\/wp\/v2\/comments?post=331"}],"version-history":[{"count":55,"href":"https:\/\/www.guiafacilbrasil.com.br\/blog\/wp-json\/wp\/v2\/pages\/331\/revisions"}],"predecessor-version":[{"id":946,"href":"https:\/\/www.guiafacilbrasil.com.br\/blog\/wp-json\/wp\/v2\/pages\/331\/revisions\/946"}],"wp:attachment":[{"href":"https:\/\/www.guiafacilbrasil.com.br\/blog\/wp-json\/wp\/v2\/media?parent=331"}],"curies":[{"name":"wp","href":"https:\/\/api.w.org\/{rel}","templated":true}]}}